{"id":7958,"date":"2024-01-18T21:12:13","date_gmt":"2024-01-18T20:12:13","guid":{"rendered":"https:\/\/books4memories.com\/?page_id=7958"},"modified":"2024-01-21T14:50:07","modified_gmt":"2024-01-21T13:50:07","slug":"webapp","status":"publish","type":"page","link":"https:\/\/books4memories.com\/de\/feedback\/webapp\/","title":{"rendered":"Webapp Feedback 2024"},"content":{"rendered":"\t\t<div data-elementor-type=\"wp-page\" data-elementor-id=\"7958\" class=\"elementor elementor-7958\" data-elementor-post-type=\"page\">\n\t\t\t\t\t\t<section class=\"has_eae_slider elementor-section elementor-top-section elementor-element elementor-element-0afc728 elementor-section-boxed elementor-section-height-default elementor-section-height-default\" data-eae-slider=\"632\" data-id=\"0afc728\" data-element_type=\"section\" data-e-type=\"section\" data-settings=\"{&quot;background_background&quot;:&quot;classic&quot;}\">\n\t\t\t\t\t\t<div class=\"elementor-container elementor-column-gap-default\">\n\t\t\t\t\t<div class=\"has_eae_slider elementor-column elementor-col-100 elementor-top-column elementor-element elementor-element-84910b2\" data-eae-slider=\"42166\" data-id=\"84910b2\" data-element_type=\"column\" data-e-type=\"column\">\n\t\t\t<div class=\"elementor-widget-wrap elementor-element-populated\">\n\t\t\t\t\t\t<div class=\"elementor-element elementor-element-1a2aa22 elementor-widget elementor-widget-heading\" data-id=\"1a2aa22\" data-element_type=\"widget\" data-e-type=\"widget\" data-widget_type=\"heading.default\">\n\t\t\t\t<div class=\"elementor-widget-container\">\n\t\t\t\t\t<h2 class=\"elementor-heading-title elementor-size-default\">Eure W\u00fcnsche f\u00fcr 2024<\/h2>\t\t\t\t<\/div>\n\t\t\t\t<\/div>\n\t\t\t\t<div class=\"elementor-element elementor-element-cf1e6aa elementor-widget elementor-widget-text-editor\" data-id=\"cf1e6aa\" data-element_type=\"widget\" data-e-type=\"widget\" data-widget_type=\"text-editor.default\">\n\t\t\t\t<div class=\"elementor-widget-container\">\n\t\t\t\t\t\t\t\t\t<p>Hall\u00f6chen zusammen!<\/p><p>\u00a0<\/p><p>Das letzte Jahr hat uns viel Spa\u00df gemacht und wir sind stolz darauf, wie wir Books4Memories weiter entwickelt haben.\u00a0<\/p><p>F\u00fcr das neue Jahr haben wir auch schon wieder viel geplant\u00a0 &#8211; und im Zentrum stehst du als unser Benutzer. Und deshalb interessiert uns deine Meinung nat\u00fcrlich ganz besonders!\u00a0<\/p><p>\u00a0<\/p><p>Deshalb bereits ganz vielen lieben Dank f\u00fcr deinen Input \ud83d\ude42<\/p><p>Constantin und das B4M Team<\/p><p>\u00a0<\/p><p>ps: Es gibt eine tolle, besondere Verlosung, also unbedingt mitmachen! (Verlosung am 31.1.24)<\/p>\t\t\t\t\t\t\t\t<\/div>\n\t\t\t\t<\/div>\n\t\t\t\t\t<\/div>\n\t\t<\/div>\n\t\t\t\t\t<\/div>\n\t\t<\/section>\n\t\t\t\t<section class=\"has_eae_slider elementor-section elementor-top-section elementor-element elementor-element-78c29da elementor-section-boxed elementor-section-height-default elementor-section-height-default\" data-eae-slider=\"25000\" data-id=\"78c29da\" data-element_type=\"section\" data-e-type=\"section\" data-settings=\"{&quot;background_background&quot;:&quot;classic&quot;,&quot;shape_divider_top&quot;:&quot;triangle&quot;}\">\n\t\t\t\t\t<div class=\"elementor-shape elementor-shape-top\" aria-hidden=\"true\" data-negative=\"false\">\n\t\t\t<svg xmlns=\"http:\/\/www.w3.org\/2000\/svg\" viewBox=\"0 0 1000 100\" preserveAspectRatio=\"none\">\n\t<path class=\"elementor-shape-fill\" d=\"M500,98.9L0,6.1V0h1000v6.1L500,98.9z\"\/>\n<\/svg>\t\t<\/div>\n\t\t\t\t\t<div class=\"elementor-container elementor-column-gap-default\">\n\t\t\t\t\t<div class=\"has_eae_slider elementor-column elementor-col-100 elementor-top-column elementor-element elementor-element-994a4c6\" data-eae-slider=\"78618\" data-id=\"994a4c6\" data-element_type=\"column\" data-e-type=\"column\">\n\t\t\t<div class=\"elementor-widget-wrap elementor-element-populated\">\n\t\t\t\t\t\t<div class=\"elementor-element elementor-element-ab00d89 elementor-button-align-center elementor-widget elementor-widget-form\" data-id=\"ab00d89\" data-element_type=\"widget\" data-e-type=\"widget\" data-settings=\"{&quot;step_next_label&quot;:&quot;Next&quot;,&quot;step_previous_label&quot;:&quot;Previous&quot;,&quot;button_width&quot;:&quot;100&quot;,&quot;step_type&quot;:&quot;number_text&quot;,&quot;step_icon_shape&quot;:&quot;circle&quot;}\" data-widget_type=\"form.default\">\n\t\t\t\t<div class=\"elementor-widget-container\">\n\t\t\t\t\t\t\t<form class=\"elementor-form\" method=\"post\" name=\"Webapp Feedback\" aria-label=\"Webapp Feedback\">\n\t\t\t<input type=\"hidden\" name=\"post_id\" value=\"7958\"\/>\n\t\t\t<input type=\"hidden\" name=\"form_id\" value=\"ab00d89\"\/>\n\t\t\t<input type=\"hidden\" name=\"referer_title\" value=\"Books4Memories\" \/>\n\n\t\t\t\n\t\t\t<div class=\"elementor-form-fields-wrapper elementor-labels-above\">\n\t\t\t\t\t\t\t\t<div class=\"elementor-field-type-text elementor-field-group elementor-column elementor-field-group-name elementor-col-100 elementor-field-required elementor-mark-required\">\n\t\t\t\t\t\t\t\t\t\t\t\t<label for=\"form-field-name\" class=\"elementor-field-label\">\n\t\t\t\t\t\t\t\tDein Name\t\t\t\t\t\t\t<\/label>\n\t\t\t\t\t\t\t\t\t\t\t\t\t\t<input size=\"1\" type=\"text\" name=\"form_fields[name]\" id=\"form-field-name\" class=\"elementor-field elementor-size-sm  elementor-field-textual\" placeholder=\"Name\" required=\"required\">\n\t\t\t\t\t\t\t\t\t\t\t<\/div>\n\t\t\t\t\t\t\t\t<div class=\"elementor-field-type-select elementor-field-group elementor-column elementor-field-group-field_e72d429 elementor-col-50 elementor-field-required elementor-mark-required\">\n\t\t\t\t\t\t\t\t\t\t\t\t<label for=\"form-field-field_e72d429\" class=\"elementor-field-label\">\n\t\t\t\t\t\t\t\tWann hast du das letzte mal B4M genutzt?\t\t\t\t\t\t\t<\/label>\n\t\t\t\t\t\t\t\t<div class=\"elementor-field elementor-select-wrapper remove-before \">\n\t\t\t<div class=\"select-caret-down-wrapper\">\n\t\t\t\t<i aria-hidden=\"true\" class=\"eicon-caret-down\"><\/i>\t\t\t<\/div>\n\t\t\t<select name=\"form_fields[field_e72d429]\" id=\"form-field-field_e72d429\" class=\"elementor-field-textual elementor-size-sm\" required=\"required\">\n\t\t\t\t\t\t\t\t\t<option value=\"(bitte ausw\u00e4hlen)\">(bitte ausw\u00e4hlen)<\/option>\n\t\t\t\t\t\t\t\t\t<option value=\"k\u00fcrzlich (letzte Zeit)\">k\u00fcrzlich (letzte Zeit)<\/option>\n\t\t\t\t\t\t\t\t\t<option value=\"bischen her (1Monat+)\">bischen her (1Monat+)<\/option>\n\t\t\t\t\t\t\t\t\t<option value=\"l\u00e4nger her (3 Monate +)\">l\u00e4nger her (3 Monate +)<\/option>\n\t\t\t\t\t\t\t\t\t<option value=\"kann mich nicht erinnern\">kann mich nicht erinnern<\/option>\n\t\t\t\t\t\t\t<\/select>\n\t\t<\/div>\n\t\t\t\t\t\t<\/div>\n\t\t\t\t\t\t\t\t<div class=\"elementor-field-type-textarea elementor-field-group elementor-column elementor-field-group-field_461796f elementor-col-50 elementor-field-required elementor-mark-required\">\n\t\t\t\t\t\t\t\t\t\t\t\t<label for=\"form-field-field_461796f\" class=\"elementor-field-label\">\n\t\t\t\t\t\t\t\t...und in welchem Zusammenhang? \t\t\t\t\t\t\t<\/label>\n\t\t\t\t\t\t<textarea class=\"elementor-field-textual elementor-field  elementor-size-sm\" name=\"form_fields[field_461796f]\" id=\"form-field-field_461796f\" rows=\"1\" placeholder=\"Wof\u00fcr (Anlass, etc.)\" required=\"required\"><\/textarea>\t\t\t\t<\/div>\n\t\t\t\t\t\t\t\t<div class=\"elementor-field-type-select elementor-field-group elementor-column elementor-field-group-field_21266cc elementor-col-50 elementor-field-required elementor-mark-required\">\n\t\t\t\t\t\t\t\t\t\t\t\t<label for=\"form-field-field_21266cc\" class=\"elementor-field-label\">\n\t\t\t\t\t\t\t\tWie einfach empfindest\/fandest du die Nutzung unserer Anwendung?\t\t\t\t\t\t\t<\/label>\n\t\t\t\t\t\t\t\t<div class=\"elementor-field elementor-select-wrapper remove-before \">\n\t\t\t<div class=\"select-caret-down-wrapper\">\n\t\t\t\t<i aria-hidden=\"true\" class=\"eicon-caret-down\"><\/i>\t\t\t<\/div>\n\t\t\t<select name=\"form_fields[field_21266cc]\" id=\"form-field-field_21266cc\" class=\"elementor-field-textual elementor-size-sm\" required=\"required\">\n\t\t\t\t\t\t\t\t\t<option value=\"(Bitte ausw\u00e4hlen)\">(Bitte ausw\u00e4hlen)<\/option>\n\t\t\t\t\t\t\t\t\t<option value=\"Sehr einfach\">Sehr einfach<\/option>\n\t\t\t\t\t\t\t\t\t<option value=\"Einfach\">Einfach<\/option>\n\t\t\t\t\t\t\t\t\t<option value=\"Normal\">Normal<\/option>\n\t\t\t\t\t\t\t\t\t<option value=\"Schwer\">Schwer<\/option>\n\t\t\t\t\t\t\t\t\t<option value=\"Sehr schwer\">Sehr schwer<\/option>\n\t\t\t\t\t\t\t<\/select>\n\t\t<\/div>\n\t\t\t\t\t\t<\/div>\n\t\t\t\t\t\t\t\t<div class=\"elementor-field-type-textarea elementor-field-group elementor-column elementor-field-group-field_c23e5d5 elementor-col-50\">\n\t\t\t\t\t\t\t\t\t\t\t\t<label for=\"form-field-field_c23e5d5\" class=\"elementor-field-label\">\n\t\t\t\t\t\t\t\t(Optional) Was findest du schwer oder umst\u00e4ndlich?\t\t\t\t\t\t\t<\/label>\n\t\t\t\t\t\t<textarea class=\"elementor-field-textual elementor-field  elementor-size-sm\" name=\"form_fields[field_c23e5d5]\" id=\"form-field-field_c23e5d5\" rows=\"3\"><\/textarea>\t\t\t\t<\/div>\n\t\t\t\t\t\t\t\t<div class=\"elementor-field-type-textarea elementor-field-group elementor-column elementor-field-group-field_b3c6c4b elementor-col-50 elementor-field-required elementor-mark-required\">\n\t\t\t\t\t\t\t\t\t\t\t\t<label for=\"form-field-field_b3c6c4b\" class=\"elementor-field-label\">\n\t\t\t\t\t\t\t\tUnd gleich weiter zum positiven: Was magst du besonders an B4M?\t\t\t\t\t\t\t<\/label>\n\t\t\t\t\t\t<textarea class=\"elementor-field-textual elementor-field  elementor-size-sm\" name=\"form_fields[field_b3c6c4b]\" id=\"form-field-field_b3c6c4b\" rows=\"3\" required=\"required\"><\/textarea>\t\t\t\t<\/div>\n\t\t\t\t\t\t\t\t<div class=\"elementor-field-type-textarea elementor-field-group elementor-column elementor-field-group-field_839f508 elementor-col-50 elementor-field-required elementor-mark-required\">\n\t\t\t\t\t\t\t\t\t\t\t\t<label for=\"form-field-field_839f508\" class=\"elementor-field-label\">\n\t\t\t\t\t\t\t\tUnd jetzt hast du 3 W\u00fcnsche frei: Was sollen wir in 2024 tun?\t\t\t\t\t\t\t<\/label>\n\t\t\t\t\t\t<textarea class=\"elementor-field-textual elementor-field  elementor-size-sm\" name=\"form_fields[field_839f508]\" id=\"form-field-field_839f508\" rows=\"3\" placeholder=\"Neue Funktionen, Verbesserungen, Designs, ...\" required=\"required\"><\/textarea>\t\t\t\t<\/div>\n\t\t\t\t\t\t\t\t<div class=\"elementor-field-type-radio elementor-field-group elementor-column elementor-field-group-field_b833832 elementor-col-100 elementor-field-required elementor-mark-required\">\n\t\t\t\t\t\t\t\t\t\t\t\t<label for=\"form-field-field_b833832\" class=\"elementor-field-label\">\n\t\t\t\t\t\t\t\tWir verlosen je 1 Gratisbuch (Hardcover, jede Seitenzahl), sowie eine pers\u00f6nliche Zeichnung (in unserem Stil). Was darf's f\u00fcr dich sein?\t\t\t\t\t\t\t<\/label>\n\t\t\t\t\t\t<div class=\"elementor-field-subgroup  elementor-subgroup-inline\"><span class=\"elementor-field-option\"><input type=\"radio\" value=\"1. Das Gratisbuch\" id=\"form-field-field_b833832-0\" name=\"form_fields[field_b833832]\" required=\"required\"> <label for=\"form-field-field_b833832-0\">1. Das Gratisbuch<\/label><\/span><span class=\"elementor-field-option\"><input type=\"radio\" value=\"2. Die Zeichnung\" id=\"form-field-field_b833832-1\" name=\"form_fields[field_b833832]\" required=\"required\"> <label for=\"form-field-field_b833832-1\">2. Die Zeichnung<\/label><\/span><span class=\"elementor-field-option\"><input type=\"radio\" value=\"3. Ich f\u00e4nde beides toll!\" id=\"form-field-field_b833832-2\" name=\"form_fields[field_b833832]\" required=\"required\"> <label for=\"form-field-field_b833832-2\">3. Ich f\u00e4nde beides toll!<\/label><\/span><span class=\"elementor-field-option\"><input type=\"radio\" value=\"3. F\u00fcr mich gerade nichts, danke :)\" id=\"form-field-field_b833832-3\" name=\"form_fields[field_b833832]\" required=\"required\"> <label for=\"form-field-field_b833832-3\">3. F\u00fcr mich gerade nichts, danke \ud83d\ude42<\/label><\/span><\/div>\t\t\t\t<\/div>\n\t\t\t\t\t\t\t\t<div class=\"elementor-field-type-email elementor-field-group elementor-column elementor-field-group-field_5744fd9 elementor-col-100\">\n\t\t\t\t\t\t\t\t\t\t\t\t<label for=\"form-field-field_5744fd9\" class=\"elementor-field-label\">\n\t\t\t\t\t\t\t\tFalls du an der Auslosung teilnehmen m\u00f6chtest, trage hier deine E-Mail Adresse ein.\t\t\t\t\t\t\t<\/label>\n\t\t\t\t\t\t\t\t\t\t\t\t\t\t<input size=\"1\" type=\"email\" name=\"form_fields[field_5744fd9]\" id=\"form-field-field_5744fd9\" class=\"elementor-field elementor-size-sm  elementor-field-textual\" placeholder=\"deine E-mail Adresse\">\n\t\t\t\t\t\t\t\t\t\t\t<\/div>\n\t\t\t\t\t\t\t\t<div class=\"elementor-field-type-textarea elementor-field-group elementor-column elementor-field-group-field_1e96fdf elementor-col-100\">\n\t\t\t\t\t\t\t\t\t\t\t\t<label for=\"form-field-field_1e96fdf\" class=\"elementor-field-label\">\n\t\t\t\t\t\t\t\t(Optional) Falls du noch etwas mitteilen m\u00f6chtest:\t\t\t\t\t\t\t<\/label>\n\t\t\t\t\t\t<textarea class=\"elementor-field-textual elementor-field  elementor-size-sm\" name=\"form_fields[field_1e96fdf]\" id=\"form-field-field_1e96fdf\" rows=\"3\"><\/textarea>\t\t\t\t<\/div>\n\t\t\t\t\t\t\t\t<div class=\"elementor-field-type-recaptcha_v3 elementor-field-group elementor-column elementor-field-group-field_85da825 elementor-col-100 recaptcha_v3-bottomright\">\n\t\t\t\t\t<div class=\"elementor-field\" id=\"form-field-field_85da825\"><div class=\"elementor-g-recaptcha\" data-sitekey=\"6Lcr-iYaAAAAAGvFVLBO2V03SPBUojfjAw7P7oCS\" data-type=\"v3\" data-action=\"Form\" data-badge=\"bottomright\" data-size=\"invisible\"><\/div><\/div>\t\t\t\t<\/div>\n\t\t\t\t\t\t\t\t<div class=\"elementor-field-group elementor-column elementor-field-type-submit elementor-col-100 e-form__buttons\">\n\t\t\t\t\t<button class=\"elementor-button elementor-size-md\" type=\"submit\">\n\t\t\t\t\t\t<span class=\"elementor-button-content-wrapper\">\n\t\t\t\t\t\t\t\t\t\t\t\t\t\t\t<span class=\"elementor-button-icon\">\n\t\t\t\t\t\t\t\t\t<i aria-hidden=\"true\" class=\"far fa-paper-plane\"><\/i>\t\t\t\t\t\t\t\t\t\t\t\t\t\t\t\t\t<\/span>\n\t\t\t\t\t\t\t\t\t\t\t\t\t\t\t\t\t\t\t\t\t\t<span class=\"elementor-button-text\">Absenden<\/span>\n\t\t\t\t\t\t\t\t\t\t\t\t\t<\/span>\n\t\t\t\t\t<\/button>\n\t\t\t\t<\/div>\n\t\t\t<\/div>\n\t\t<\/form>\n\t\t\t\t\t\t<\/div>\n\t\t\t\t<\/div>\n\t\t\t\t\t<\/div>\n\t\t<\/div>\n\t\t\t\t\t<\/div>\n\t\t<\/section>\n\t\t\t\t<\/div>\n\t\t","protected":false},"excerpt":{"rendered":"<p>Eure W\u00fcnsche f\u00fcr 2024 Hall\u00f6chen zusammen! \u00a0 Das letzte Jahr hat uns viel Spa\u00df gemacht und wir sind stolz darauf, wie wir Books4Memories weiter entwickelt haben.\u00a0 F\u00fcr das neue Jahr haben wir auch schon wieder viel geplant\u00a0 &#8211; und im Zentrum stehst du als unser Benutzer. Und deshalb interessiert uns deine Meinung nat\u00fcrlich ganz besonders!\u00a0&hellip; <a class=\"more-link\" href=\"https:\/\/books4memories.com\/de\/feedback\/webapp\/\"><span class=\"screen-reader-text\">Webapp Feedback 2024<\/span> weiterlesen<\/a><\/p>","protected":false},"author":1,"featured_media":0,"parent":1749,"menu_order":0,"comment_status":"closed","ping_status":"closed","template":"elementor_header_footer","meta":{"footnotes":""},"folder":[39],"class_list":["post-7958","page","type-page","status-publish","hentry","entry"],"yoast_head":"<!-- This site is optimized with the Yoast SEO Premium plugin v18.4 (Yoast SEO v27.4) - https:\/\/yoast.com\/product\/yoast-seo-premium-wordpress\/ -->\n<title>Webapp Feedback 2024 - Books4Memories<\/title>\n<meta name=\"robots\" content=\"index, follow, max-snippet:-1, max-image-preview:large, max-video-preview:-1\" \/>\n<link rel=\"canonical\" href=\"https:\/\/books4memories.com\/de\/feedback\/webapp\/\" \/>\n<meta property=\"og:locale\" content=\"de_DE\" \/>\n<meta property=\"og:type\" content=\"article\" \/>\n<meta property=\"og:title\" content=\"Webapp Feedback 2024\" \/>\n<meta property=\"og:description\" content=\"Eure W\u00fcnsche f\u00fcr 2024 Hall\u00f6chen zusammen! \u00a0 Das letzte Jahr hat uns viel Spa\u00df gemacht und wir sind stolz darauf, wie wir Books4Memories weiter entwickelt haben.\u00a0 F\u00fcr das neue Jahr haben wir auch schon wieder viel geplant\u00a0 &#8211; und im Zentrum stehst du als unser Benutzer. Und deshalb interessiert uns deine Meinung nat\u00fcrlich ganz besonders!\u00a0&hellip; Webapp Feedback 2024 weiterlesen\" \/>\n<meta property=\"og:url\" content=\"https:\/\/books4memories.com\/de\/feedback\/webapp\/\" \/>\n<meta property=\"og:site_name\" content=\"Books4Memories\" \/>\n<meta property=\"article:publisher\" content=\"https:\/\/www.facebook.com\/Books4Memories-173693658076857\" \/>\n<meta property=\"article:modified_time\" content=\"2024-01-21T13:50:07+00:00\" \/>\n<meta name=\"twitter:card\" content=\"summary_large_image\" \/>\n<script type=\"application\/ld+json\" class=\"yoast-schema-graph\">{\"@context\":\"https:\\\/\\\/schema.org\",\"@graph\":[{\"@type\":\"WebPage\",\"@id\":\"https:\\\/\\\/books4memories.com\\\/feedback\\\/webapp\\\/\",\"url\":\"https:\\\/\\\/books4memories.com\\\/feedback\\\/webapp\\\/\",\"name\":\"Webapp Feedback 2024 - Books4Memories\",\"isPartOf\":{\"@id\":\"https:\\\/\\\/books4memories.com\\\/de\\\/#website\"},\"datePublished\":\"2024-01-18T20:12:13+00:00\",\"dateModified\":\"2024-01-21T13:50:07+00:00\",\"breadcrumb\":{\"@id\":\"https:\\\/\\\/books4memories.com\\\/feedback\\\/webapp\\\/#breadcrumb\"},\"inLanguage\":\"de\",\"potentialAction\":[{\"@type\":\"ReadAction\",\"target\":[\"https:\\\/\\\/books4memories.com\\\/feedback\\\/webapp\\\/\"]}]},{\"@type\":\"BreadcrumbList\",\"@id\":\"https:\\\/\\\/books4memories.com\\\/feedback\\\/webapp\\\/#breadcrumb\",\"itemListElement\":[{\"@type\":\"ListItem\",\"position\":1,\"name\":\"Home\",\"item\":\"https:\\\/\\\/books4memories.com\\\/\"},{\"@type\":\"ListItem\",\"position\":2,\"name\":\"Feedback\",\"item\":\"https:\\\/\\\/books4memories.com\\\/feedback\\\/\"},{\"@type\":\"ListItem\",\"position\":3,\"name\":\"Webapp Feedback 2024\"}]},{\"@type\":\"WebSite\",\"@id\":\"https:\\\/\\\/books4memories.com\\\/de\\\/#website\",\"url\":\"https:\\\/\\\/books4memories.com\\\/de\\\/\",\"name\":\"Books4Memories\",\"description\":\"Easily creating personable memories together that last!\",\"publisher\":{\"@id\":\"https:\\\/\\\/books4memories.com\\\/de\\\/#organization\"},\"potentialAction\":[{\"@type\":\"SearchAction\",\"target\":{\"@type\":\"EntryPoint\",\"urlTemplate\":\"https:\\\/\\\/books4memories.com\\\/de\\\/?s={search_term_string}\"},\"query-input\":{\"@type\":\"PropertyValueSpecification\",\"valueRequired\":true,\"valueName\":\"search_term_string\"}}],\"inLanguage\":\"de\"},{\"@type\":\"Organization\",\"@id\":\"https:\\\/\\\/books4memories.com\\\/de\\\/#organization\",\"name\":\"Books4Memories\",\"url\":\"https:\\\/\\\/books4memories.com\\\/de\\\/\",\"logo\":{\"@type\":\"ImageObject\",\"inLanguage\":\"de\",\"@id\":\"https:\\\/\\\/books4memories.com\\\/de\\\/#\\\/schema\\\/logo\\\/image\\\/\",\"url\":\"https:\\\/\\\/books4memories.com\\\/wp-content\\\/uploads\\\/2021\\\/12\\\/hellob4m.png\",\"contentUrl\":\"https:\\\/\\\/books4memories.com\\\/wp-content\\\/uploads\\\/2021\\\/12\\\/hellob4m.png\",\"width\":1919,\"height\":1120,\"caption\":\"Books4Memories\"},\"image\":{\"@id\":\"https:\\\/\\\/books4memories.com\\\/de\\\/#\\\/schema\\\/logo\\\/image\\\/\"},\"sameAs\":[\"https:\\\/\\\/www.facebook.com\\\/Books4Memories-173693658076857\",\"https:\\\/\\\/www.instagram.com\\\/books4memories\\\/\",\"https:\\\/\\\/www.linkedin.com\\\/company\\\/books4memories\",\"https:\\\/\\\/www.pinterest.com\\\/0eg2ggvn5oew6i3jj1l9ddwpb7urfj\\\/\"]}]}<\/script>\n<!-- \/ Yoast SEO Premium plugin. -->","yoast_head_json":{"title":"Webapp Feedback 2024 - Books4Memories","robots":{"index":"index","follow":"follow","max-snippet":"max-snippet:-1","max-image-preview":"max-image-preview:large","max-video-preview":"max-video-preview:-1"},"canonical":"https:\/\/books4memories.com\/de\/feedback\/webapp\/","og_locale":"de_DE","og_type":"article","og_title":"Webapp Feedback 2024","og_description":"Eure W\u00fcnsche f\u00fcr 2024 Hall\u00f6chen zusammen! \u00a0 Das letzte Jahr hat uns viel Spa\u00df gemacht und wir sind stolz darauf, wie wir Books4Memories weiter entwickelt haben.\u00a0 F\u00fcr das neue Jahr haben wir auch schon wieder viel geplant\u00a0 &#8211; und im Zentrum stehst du als unser Benutzer. Und deshalb interessiert uns deine Meinung nat\u00fcrlich ganz besonders!\u00a0&hellip; Webapp Feedback 2024 weiterlesen","og_url":"https:\/\/books4memories.com\/de\/feedback\/webapp\/","og_site_name":"Books4Memories","article_publisher":"https:\/\/www.facebook.com\/Books4Memories-173693658076857","article_modified_time":"2024-01-21T13:50:07+00:00","twitter_card":"summary_large_image","schema":{"@context":"https:\/\/schema.org","@graph":[{"@type":"WebPage","@id":"https:\/\/books4memories.com\/feedback\/webapp\/","url":"https:\/\/books4memories.com\/feedback\/webapp\/","name":"Webapp Feedback 2024 - Books4Memories","isPartOf":{"@id":"https:\/\/books4memories.com\/de\/#website"},"datePublished":"2024-01-18T20:12:13+00:00","dateModified":"2024-01-21T13:50:07+00:00","breadcrumb":{"@id":"https:\/\/books4memories.com\/feedback\/webapp\/#breadcrumb"},"inLanguage":"de","potentialAction":[{"@type":"ReadAction","target":["https:\/\/books4memories.com\/feedback\/webapp\/"]}]},{"@type":"BreadcrumbList","@id":"https:\/\/books4memories.com\/feedback\/webapp\/#breadcrumb","itemListElement":[{"@type":"ListItem","position":1,"name":"Home","item":"https:\/\/books4memories.com\/"},{"@type":"ListItem","position":2,"name":"Feedback","item":"https:\/\/books4memories.com\/feedback\/"},{"@type":"ListItem","position":3,"name":"Webapp Feedback 2024"}]},{"@type":"WebSite","@id":"https:\/\/books4memories.com\/de\/#website","url":"https:\/\/books4memories.com\/de\/","name":"Books4Memories","description":"Easily creating personable memories together that last!","publisher":{"@id":"https:\/\/books4memories.com\/de\/#organization"},"potentialAction":[{"@type":"SearchAction","target":{"@type":"EntryPoint","urlTemplate":"https:\/\/books4memories.com\/de\/?s={search_term_string}"},"query-input":{"@type":"PropertyValueSpecification","valueRequired":true,"valueName":"search_term_string"}}],"inLanguage":"de"},{"@type":"Organization","@id":"https:\/\/books4memories.com\/de\/#organization","name":"Books4Memories","url":"https:\/\/books4memories.com\/de\/","logo":{"@type":"ImageObject","inLanguage":"de","@id":"https:\/\/books4memories.com\/de\/#\/schema\/logo\/image\/","url":"https:\/\/books4memories.com\/wp-content\/uploads\/2021\/12\/hellob4m.png","contentUrl":"https:\/\/books4memories.com\/wp-content\/uploads\/2021\/12\/hellob4m.png","width":1919,"height":1120,"caption":"Books4Memories"},"image":{"@id":"https:\/\/books4memories.com\/de\/#\/schema\/logo\/image\/"},"sameAs":["https:\/\/www.facebook.com\/Books4Memories-173693658076857","https:\/\/www.instagram.com\/books4memories\/","https:\/\/www.linkedin.com\/company\/books4memories","https:\/\/www.pinterest.com\/0eg2ggvn5oew6i3jj1l9ddwpb7urfj\/"]}]}},"_links":{"self":[{"href":"https:\/\/books4memories.com\/de\/wp-json\/wp\/v2\/pages\/7958","targetHints":{"allow":["GET"]}}],"collection":[{"href":"https:\/\/books4memories.com\/de\/wp-json\/wp\/v2\/pages"}],"about":[{"href":"https:\/\/books4memories.com\/de\/wp-json\/wp\/v2\/types\/page"}],"author":[{"embeddable":true,"href":"https:\/\/books4memories.com\/de\/wp-json\/wp\/v2\/users\/1"}],"replies":[{"embeddable":true,"href":"https:\/\/books4memories.com\/de\/wp-json\/wp\/v2\/comments?post=7958"}],"version-history":[{"count":10,"href":"https:\/\/books4memories.com\/de\/wp-json\/wp\/v2\/pages\/7958\/revisions"}],"predecessor-version":[{"id":8035,"href":"https:\/\/books4memories.com\/de\/wp-json\/wp\/v2\/pages\/7958\/revisions\/8035"}],"up":[{"embeddable":true,"href":"https:\/\/books4memories.com\/de\/wp-json\/wp\/v2\/pages\/1749"}],"wp:attachment":[{"href":"https:\/\/books4memories.com\/de\/wp-json\/wp\/v2\/media?parent=7958"}],"wp:term":[{"taxonomy":"folder","embeddable":true,"href":"https:\/\/books4memories.com\/de\/wp-json\/wp\/v2\/folder?post=7958"}],"curies":[{"name":"wp","href":"https:\/\/api.w.org\/{rel}","templated":true}]}}