{"id":5699,"date":"2023-03-26T12:55:25","date_gmt":"2023-03-26T10:55:25","guid":{"rendered":"https:\/\/books4memories.com\/?page_id=5699"},"modified":"2023-10-01T14:10:36","modified_gmt":"2023-10-01T12:10:36","slug":"designs","status":"publish","type":"page","link":"https:\/\/books4memories.com\/de\/feedback\/designs\/","title":{"rendered":"designs"},"content":{"rendered":"\t\t<div data-elementor-type=\"wp-page\" data-elementor-id=\"5699\" class=\"elementor elementor-5699\" data-elementor-post-type=\"page\">\n\t\t\t\t\t\t<section class=\"has_eae_slider elementor-section elementor-top-section elementor-element elementor-element-8c68046 elementor-section-boxed elementor-section-height-default elementor-section-height-default\" data-eae-slider=\"64276\" data-id=\"8c68046\" data-element_type=\"section\" data-e-type=\"section\">\n\t\t\t\t\t\t<div class=\"elementor-container elementor-column-gap-default\">\n\t\t\t\t\t<div class=\"has_eae_slider elementor-column elementor-col-100 elementor-top-column elementor-element elementor-element-97e0042\" data-eae-slider=\"71928\" data-id=\"97e0042\" data-element_type=\"column\" data-e-type=\"column\">\n\t\t\t<div class=\"elementor-widget-wrap elementor-element-populated\">\n\t\t\t\t\t\t<div class=\"elementor-element elementor-element-5d2cb12 elementor-widget elementor-widget-heading\" data-id=\"5d2cb12\" data-element_type=\"widget\" data-e-type=\"widget\" data-widget_type=\"heading.default\">\n\t\t\t\t<div class=\"elementor-widget-container\">\n\t\t\t\t\t<h2 class=\"elementor-heading-title elementor-size-default\">Feedback<\/h2>\t\t\t\t<\/div>\n\t\t\t\t<\/div>\n\t\t\t\t<div class=\"elementor-element elementor-element-70e5f9a elementor-widget elementor-widget-text-editor\" data-id=\"70e5f9a\" data-element_type=\"widget\" data-e-type=\"widget\" data-widget_type=\"text-editor.default\">\n\t\t\t\t<div class=\"elementor-widget-container\">\n\t\t\t\t\t\t\t\t\t<p>Hall\u00f6chen zusammen!<\/p><p>\u00a0<\/p><p>\u00a0<\/p><p>Basierend auf eurem Feedback, haben wir nun z<span style=\"color: var( --e-global-color-text ); font-family: var( --e-global-typography-text-font-family ), Sans-serif; font-size: var( --e-global-typography-text-font-size ); font-weight: var( --e-global-typography-text-font-weight );\">us\u00e4tzlich zu unserer Online-Bucherstellung, auch ein vorgedrucktes Standardbuch erstellt.\u00a0<\/span><\/p><p>\u00a0<\/p><p>Das haben wir zum Anlass genommen, einmal mit unserem Design zu experimentieren.<\/p><p>\u00a0<\/p><p>Das ist jetzt fertig &#8211; und wir interessieren uns jetzt daf\u00fcr, welches Design dir pers\u00f6nlich besser gef\u00e4llt<\/p><p>\u00a0<\/p><p>\u00a0<\/p><p>Vielen Dank bereits f\u00fcr dein Feedback!<\/p><p>\u00a0<\/p><p>\u00a0<\/p><p>ps: unter allen Teilnehmern verlosen wir 3 Gutscheine f\u00fcr je einen Hardcoverprint \ud83d\ude42<\/p>\t\t\t\t\t\t\t\t<\/div>\n\t\t\t\t<\/div>\n\t\t\t\t\t<\/div>\n\t\t<\/div>\n\t\t\t\t\t<\/div>\n\t\t<\/section>\n\t\t\t\t<section class=\"has_eae_slider elementor-section elementor-top-section elementor-element elementor-element-e5d7507 elementor-section-boxed elementor-section-height-default elementor-section-height-default\" data-eae-slider=\"28002\" data-id=\"e5d7507\" data-element_type=\"section\" data-e-type=\"section\" data-settings=\"{&quot;background_background&quot;:&quot;classic&quot;,&quot;shape_divider_top&quot;:&quot;triangle&quot;}\">\n\t\t\t\t\t<div class=\"elementor-shape elementor-shape-top\" aria-hidden=\"true\" data-negative=\"false\">\n\t\t\t<svg xmlns=\"http:\/\/www.w3.org\/2000\/svg\" viewBox=\"0 0 1000 100\" preserveAspectRatio=\"none\">\n\t<path class=\"elementor-shape-fill\" d=\"M500,98.9L0,6.1V0h1000v6.1L500,98.9z\"\/>\n<\/svg>\t\t<\/div>\n\t\t\t\t\t<div class=\"elementor-container elementor-column-gap-default\">\n\t\t\t\t\t<div class=\"has_eae_slider elementor-column elementor-col-100 elementor-top-column elementor-element elementor-element-3fe49de\" data-eae-slider=\"36501\" data-id=\"3fe49de\" data-element_type=\"column\" data-e-type=\"column\">\n\t\t\t<div class=\"elementor-widget-wrap elementor-element-populated\">\n\t\t\t\t\t\t<div class=\"elementor-element elementor-element-fb47e44 elementor-button-align-center elementor-widget elementor-widget-form\" data-id=\"fb47e44\" data-element_type=\"widget\" data-e-type=\"widget\" data-settings=\"{&quot;step_next_label&quot;:&quot;Next&quot;,&quot;step_previous_label&quot;:&quot;Previous&quot;,&quot;button_width&quot;:&quot;100&quot;,&quot;step_type&quot;:&quot;number_text&quot;,&quot;step_icon_shape&quot;:&quot;circle&quot;}\" data-widget_type=\"form.default\">\n\t\t\t\t<div class=\"elementor-widget-container\">\n\t\t\t\t\t\t\t<form class=\"elementor-form\" method=\"post\" name=\"Design Feedback\" aria-label=\"Design Feedback\">\n\t\t\t<input type=\"hidden\" name=\"post_id\" value=\"5699\"\/>\n\t\t\t<input type=\"hidden\" name=\"form_id\" value=\"fb47e44\"\/>\n\t\t\t<input type=\"hidden\" name=\"referer_title\" value=\"Books4Memories\" \/>\n\n\t\t\t\n\t\t\t<div class=\"elementor-form-fields-wrapper elementor-labels-above\">\n\t\t\t\t\t\t\t\t<div class=\"elementor-field-type-text elementor-field-group elementor-column elementor-field-group-name elementor-col-50 elementor-field-required elementor-mark-required\">\n\t\t\t\t\t\t\t\t\t\t\t\t<label for=\"form-field-name\" class=\"elementor-field-label\">\n\t\t\t\t\t\t\t\tDein Name\t\t\t\t\t\t\t<\/label>\n\t\t\t\t\t\t\t\t\t\t\t\t\t\t<input size=\"1\" type=\"text\" name=\"form_fields[name]\" id=\"form-field-name\" class=\"elementor-field elementor-size-sm  elementor-field-textual\" placeholder=\"Name\" required=\"required\">\n\t\t\t\t\t\t\t\t\t\t\t<\/div>\n\t\t\t\t\t\t\t\t<div class=\"elementor-field-type-checkbox elementor-field-group elementor-column elementor-field-group-field_6d61004 elementor-col-50\">\n\t\t\t\t\t\t\t\t\t\t\t\t<label for=\"form-field-field_6d61004\" class=\"elementor-field-label\">\n\t\t\t\t\t\t\t\tWelche  <b>Design-Option<\/b> gef\u00e4llt dir am besten?\t\t\t\t\t\t\t<\/label>\n\t\t\t\t\t\t<div class=\"elementor-field-subgroup  \"><span class=\"elementor-field-option\"><input type=\"checkbox\" value=\"1: Gewohntes Design &lt;a href=&quot;https:\/\/books4memories.com\/de\/&quot; target=&quot;_blank&quot;&gt; Zum Beispiel&lt;\/a&gt;\" id=\"form-field-field_6d61004-0\" name=\"form_fields[field_6d61004][]\"> <label for=\"form-field-field_6d61004-0\">1: Gewohntes Design <a href=\"https:\/\/books4memories.com\/de\/\" target=\"_blank\"> Zum Beispiel<\/a><\/label><\/span><span class=\"elementor-field-option\"><input type=\"checkbox\" value=\"2: Neues Design (Printbuch) &lt;a href=&quot;https:\/\/books4memories.com\/de\/printbook\/&quot; target=&quot;_blank&quot;&gt; Zum Beispiel&lt;\/a&gt;\" id=\"form-field-field_6d61004-1\" name=\"form_fields[field_6d61004][]\"> <label for=\"form-field-field_6d61004-1\">2: Neues Design (Printbuch) <a href=\"https:\/\/books4memories.com\/de\/printbook\/\" target=\"_blank\"> Zum Beispiel<\/a><\/label><\/span><\/div>\t\t\t\t<\/div>\n\t\t\t\t\t\t\t\t<div class=\"elementor-field-type-textarea elementor-field-group elementor-column elementor-field-group-field_461796f elementor-col-50 elementor-field-required elementor-mark-required\">\n\t\t\t\t\t\t\t\t\t\t\t\t<label for=\"form-field-field_461796f\" class=\"elementor-field-label\">\n\t\t\t\t\t\t\t\tWas gef\u00e4llt dir am <b>gewohnten Design<\/b> besonders gut ?\t\t\t\t\t\t\t<\/label>\n\t\t\t\t\t\t<textarea class=\"elementor-field-textual elementor-field  elementor-size-sm\" name=\"form_fields[field_461796f]\" id=\"form-field-field_461796f\" rows=\"3\" placeholder=\"Type answer\" required=\"required\"><\/textarea>\t\t\t\t<\/div>\n\t\t\t\t\t\t\t\t<div class=\"elementor-field-type-textarea elementor-field-group elementor-column elementor-field-group-field_0ad32d9 elementor-col-50 elementor-field-required elementor-mark-required\">\n\t\t\t\t\t\t\t\t\t\t\t\t<label for=\"form-field-field_0ad32d9\" class=\"elementor-field-label\">\n\t\t\t\t\t\t\t\tWas w\u00fcrdest du am <b>gewohnten Design<\/b> ver\u00e4ndern?\t\t\t\t\t\t\t<\/label>\n\t\t\t\t\t\t<textarea class=\"elementor-field-textual elementor-field  elementor-size-sm\" name=\"form_fields[field_0ad32d9]\" id=\"form-field-field_0ad32d9\" rows=\"3\" placeholder=\"Type answer\" required=\"required\"><\/textarea>\t\t\t\t<\/div>\n\t\t\t\t\t\t\t\t<div class=\"elementor-field-type-textarea elementor-field-group elementor-column elementor-field-group-field_839f508 elementor-col-50 elementor-field-required elementor-mark-required\">\n\t\t\t\t\t\t\t\t\t\t\t\t<label for=\"form-field-field_839f508\" class=\"elementor-field-label\">\n\t\t\t\t\t\t\t\tWas gef\u00e4llt dir am <b>neuen Design<\/b> besonders gut ?\t\t\t\t\t\t\t<\/label>\n\t\t\t\t\t\t<textarea class=\"elementor-field-textual elementor-field  elementor-size-sm\" name=\"form_fields[field_839f508]\" id=\"form-field-field_839f508\" rows=\"3\" placeholder=\"Type answer\" required=\"required\"><\/textarea>\t\t\t\t<\/div>\n\t\t\t\t\t\t\t\t<div class=\"elementor-field-type-textarea elementor-field-group elementor-column elementor-field-group-field_e3bc81f elementor-col-50 elementor-field-required elementor-mark-required\">\n\t\t\t\t\t\t\t\t\t\t\t\t<label for=\"form-field-field_e3bc81f\" class=\"elementor-field-label\">\n\t\t\t\t\t\t\t\tWas w\u00fcrdest du am <b>neuen Design<\/b> ver\u00e4ndern?\t\t\t\t\t\t\t<\/label>\n\t\t\t\t\t\t<textarea class=\"elementor-field-textual elementor-field  elementor-size-sm\" name=\"form_fields[field_e3bc81f]\" id=\"form-field-field_e3bc81f\" rows=\"3\" placeholder=\"Type answer\" required=\"required\"><\/textarea>\t\t\t\t<\/div>\n\t\t\t\t\t\t\t\t<div class=\"elementor-field-type-textarea elementor-field-group elementor-column elementor-field-group-field_4fae795 elementor-col-100\">\n\t\t\t\t\t\t\t\t\t\t\t\t<label for=\"form-field-field_4fae795\" class=\"elementor-field-label\">\n\t\t\t\t\t\t\t\tWeiterhin \u00fcberlegen wir, dass wir anbieten, die Online-B\u00fccher in verschiedenen Stilen erstellt werden k\u00f6nnen. <br><br>Was f\u00fcr einen Stil k\u00f6nntest du dir gut vorstellen? (Beschreibe es, oder f\u00fcge auch gerne Links zu Seiten mit solchen Stilen hinzu)\t\t\t\t\t\t\t<\/label>\n\t\t\t\t\t\t<textarea class=\"elementor-field-textual elementor-field  elementor-size-sm\" name=\"form_fields[field_4fae795]\" id=\"form-field-field_4fae795\" rows=\"3\" placeholder=\"Type answer\"><\/textarea>\t\t\t\t<\/div>\n\t\t\t\t\t\t\t\t<div class=\"elementor-field-type-email elementor-field-group elementor-column elementor-field-group-field_b833832 elementor-col-100\">\n\t\t\t\t\t\t\t\t\t\t\t\t<label for=\"form-field-field_b833832\" class=\"elementor-field-label\">\n\t\t\t\t\t\t\t\tFalls du an der Auslosung teilnehmen m\u00f6chtest, trage hier deine E-Mail Adresse ein.\t\t\t\t\t\t\t<\/label>\n\t\t\t\t\t\t\t\t\t\t\t\t\t\t<input size=\"1\" type=\"email\" name=\"form_fields[field_b833832]\" id=\"form-field-field_b833832\" class=\"elementor-field elementor-size-sm  elementor-field-textual\" placeholder=\"e-mail\">\n\t\t\t\t\t\t\t\t\t\t\t<\/div>\n\t\t\t\t\t\t\t\t<div class=\"elementor-field-type-recaptcha_v3 elementor-field-group elementor-column elementor-field-group-field_85da825 elementor-col-100 recaptcha_v3-bottomright\">\n\t\t\t\t\t<div class=\"elementor-field\" id=\"form-field-field_85da825\"><div class=\"elementor-g-recaptcha\" data-sitekey=\"6Lcr-iYaAAAAAGvFVLBO2V03SPBUojfjAw7P7oCS\" data-type=\"v3\" data-action=\"Form\" data-badge=\"bottomright\" data-size=\"invisible\"><\/div><\/div>\t\t\t\t<\/div>\n\t\t\t\t\t\t\t\t<div class=\"elementor-field-group elementor-column elementor-field-type-submit elementor-col-100 e-form__buttons\">\n\t\t\t\t\t<button class=\"elementor-button elementor-size-md\" type=\"submit\">\n\t\t\t\t\t\t<span class=\"elementor-button-content-wrapper\">\n\t\t\t\t\t\t\t\t\t\t\t\t\t\t\t<span class=\"elementor-button-icon\">\n\t\t\t\t\t\t\t\t\t<i aria-hidden=\"true\" class=\"far fa-paper-plane\"><\/i>\t\t\t\t\t\t\t\t\t\t\t\t\t\t\t\t\t<\/span>\n\t\t\t\t\t\t\t\t\t\t\t\t\t\t\t\t\t\t\t\t\t\t<span class=\"elementor-button-text\">Send<\/span>\n\t\t\t\t\t\t\t\t\t\t\t\t\t<\/span>\n\t\t\t\t\t<\/button>\n\t\t\t\t<\/div>\n\t\t\t<\/div>\n\t\t<\/form>\n\t\t\t\t\t\t<\/div>\n\t\t\t\t<\/div>\n\t\t\t\t\t<\/div>\n\t\t<\/div>\n\t\t\t\t\t<\/div>\n\t\t<\/section>\n\t\t\t\t<\/div>\n\t\t","protected":false},"excerpt":{"rendered":"<p>Feedback Hall\u00f6chen zusammen! \u00a0 \u00a0 Basierend auf eurem Feedback, haben wir nun zus\u00e4tzlich zu unserer Online-Bucherstellung, auch ein vorgedrucktes Standardbuch erstellt.\u00a0 \u00a0 Das haben wir zum Anlass genommen, einmal mit unserem Design zu experimentieren. \u00a0 Das ist jetzt fertig &#8211; und wir interessieren uns jetzt daf\u00fcr, welches Design dir pers\u00f6nlich besser gef\u00e4llt \u00a0 \u00a0 Vielen&hellip; <a class=\"more-link\" href=\"https:\/\/books4memories.com\/de\/feedback\/designs\/\"><span class=\"screen-reader-text\">designs<\/span> weiterlesen<\/a><\/p>","protected":false},"author":1,"featured_media":0,"parent":1749,"menu_order":0,"comment_status":"closed","ping_status":"closed","template":"elementor_header_footer","meta":{"footnotes":""},"folder":[39],"class_list":["post-5699","page","type-page","status-publish","hentry","entry"],"yoast_head":"<!-- This site is optimized with the Yoast SEO Premium plugin v18.4 (Yoast SEO v27.4) - https:\/\/yoast.com\/product\/yoast-seo-premium-wordpress\/ -->\n<title>designs - Books4Memories<\/title>\n<meta name=\"robots\" content=\"index, follow, max-snippet:-1, max-image-preview:large, max-video-preview:-1\" \/>\n<link rel=\"canonical\" href=\"https:\/\/books4memories.com\/de\/feedback\/designs\/\" \/>\n<meta property=\"og:locale\" content=\"de_DE\" \/>\n<meta property=\"og:type\" content=\"article\" \/>\n<meta property=\"og:title\" content=\"designs\" \/>\n<meta property=\"og:description\" content=\"Feedback Hall\u00f6chen zusammen! \u00a0 \u00a0 Basierend auf eurem Feedback, haben wir nun zus\u00e4tzlich zu unserer Online-Bucherstellung, auch ein vorgedrucktes Standardbuch erstellt.\u00a0 \u00a0 Das haben wir zum Anlass genommen, einmal mit unserem Design zu experimentieren. \u00a0 Das ist jetzt fertig &#8211; und wir interessieren uns jetzt daf\u00fcr, welches Design dir pers\u00f6nlich besser gef\u00e4llt \u00a0 \u00a0 Vielen&hellip; designs weiterlesen\" \/>\n<meta property=\"og:url\" content=\"https:\/\/books4memories.com\/de\/feedback\/designs\/\" \/>\n<meta property=\"og:site_name\" content=\"Books4Memories\" \/>\n<meta property=\"article:publisher\" content=\"https:\/\/www.facebook.com\/Books4Memories-173693658076857\" \/>\n<meta property=\"article:modified_time\" content=\"2023-10-01T12:10:36+00:00\" \/>\n<meta name=\"twitter:card\" content=\"summary_large_image\" \/>\n<script type=\"application\/ld+json\" class=\"yoast-schema-graph\">{\"@context\":\"https:\\\/\\\/schema.org\",\"@graph\":[{\"@type\":\"WebPage\",\"@id\":\"https:\\\/\\\/books4memories.com\\\/feedback\\\/designs\\\/\",\"url\":\"https:\\\/\\\/books4memories.com\\\/feedback\\\/designs\\\/\",\"name\":\"designs - Books4Memories\",\"isPartOf\":{\"@id\":\"https:\\\/\\\/books4memories.com\\\/de\\\/#website\"},\"datePublished\":\"2023-03-26T10:55:25+00:00\",\"dateModified\":\"2023-10-01T12:10:36+00:00\",\"breadcrumb\":{\"@id\":\"https:\\\/\\\/books4memories.com\\\/feedback\\\/designs\\\/#breadcrumb\"},\"inLanguage\":\"de\",\"potentialAction\":[{\"@type\":\"ReadAction\",\"target\":[\"https:\\\/\\\/books4memories.com\\\/feedback\\\/designs\\\/\"]}]},{\"@type\":\"BreadcrumbList\",\"@id\":\"https:\\\/\\\/books4memories.com\\\/feedback\\\/designs\\\/#breadcrumb\",\"itemListElement\":[{\"@type\":\"ListItem\",\"position\":1,\"name\":\"Home\",\"item\":\"https:\\\/\\\/books4memories.com\\\/\"},{\"@type\":\"ListItem\",\"position\":2,\"name\":\"Feedback\",\"item\":\"https:\\\/\\\/books4memories.com\\\/feedback\\\/\"},{\"@type\":\"ListItem\",\"position\":3,\"name\":\"designs\"}]},{\"@type\":\"WebSite\",\"@id\":\"https:\\\/\\\/books4memories.com\\\/de\\\/#website\",\"url\":\"https:\\\/\\\/books4memories.com\\\/de\\\/\",\"name\":\"Books4Memories\",\"description\":\"Easily creating personable memories together that last!\",\"publisher\":{\"@id\":\"https:\\\/\\\/books4memories.com\\\/de\\\/#organization\"},\"potentialAction\":[{\"@type\":\"SearchAction\",\"target\":{\"@type\":\"EntryPoint\",\"urlTemplate\":\"https:\\\/\\\/books4memories.com\\\/de\\\/?s={search_term_string}\"},\"query-input\":{\"@type\":\"PropertyValueSpecification\",\"valueRequired\":true,\"valueName\":\"search_term_string\"}}],\"inLanguage\":\"de\"},{\"@type\":\"Organization\",\"@id\":\"https:\\\/\\\/books4memories.com\\\/de\\\/#organization\",\"name\":\"Books4Memories\",\"url\":\"https:\\\/\\\/books4memories.com\\\/de\\\/\",\"logo\":{\"@type\":\"ImageObject\",\"inLanguage\":\"de\",\"@id\":\"https:\\\/\\\/books4memories.com\\\/de\\\/#\\\/schema\\\/logo\\\/image\\\/\",\"url\":\"https:\\\/\\\/books4memories.com\\\/wp-content\\\/uploads\\\/2021\\\/12\\\/hellob4m.png\",\"contentUrl\":\"https:\\\/\\\/books4memories.com\\\/wp-content\\\/uploads\\\/2021\\\/12\\\/hellob4m.png\",\"width\":1919,\"height\":1120,\"caption\":\"Books4Memories\"},\"image\":{\"@id\":\"https:\\\/\\\/books4memories.com\\\/de\\\/#\\\/schema\\\/logo\\\/image\\\/\"},\"sameAs\":[\"https:\\\/\\\/www.facebook.com\\\/Books4Memories-173693658076857\",\"https:\\\/\\\/www.instagram.com\\\/books4memories\\\/\",\"https:\\\/\\\/www.linkedin.com\\\/company\\\/books4memories\",\"https:\\\/\\\/www.pinterest.com\\\/0eg2ggvn5oew6i3jj1l9ddwpb7urfj\\\/\"]}]}<\/script>\n<!-- \/ Yoast SEO Premium plugin. -->","yoast_head_json":{"title":"designs - Books4Memories","robots":{"index":"index","follow":"follow","max-snippet":"max-snippet:-1","max-image-preview":"max-image-preview:large","max-video-preview":"max-video-preview:-1"},"canonical":"https:\/\/books4memories.com\/de\/feedback\/designs\/","og_locale":"de_DE","og_type":"article","og_title":"designs","og_description":"Feedback Hall\u00f6chen zusammen! \u00a0 \u00a0 Basierend auf eurem Feedback, haben wir nun zus\u00e4tzlich zu unserer Online-Bucherstellung, auch ein vorgedrucktes Standardbuch erstellt.\u00a0 \u00a0 Das haben wir zum Anlass genommen, einmal mit unserem Design zu experimentieren. \u00a0 Das ist jetzt fertig &#8211; und wir interessieren uns jetzt daf\u00fcr, welches Design dir pers\u00f6nlich besser gef\u00e4llt \u00a0 \u00a0 Vielen&hellip; designs weiterlesen","og_url":"https:\/\/books4memories.com\/de\/feedback\/designs\/","og_site_name":"Books4Memories","article_publisher":"https:\/\/www.facebook.com\/Books4Memories-173693658076857","article_modified_time":"2023-10-01T12:10:36+00:00","twitter_card":"summary_large_image","schema":{"@context":"https:\/\/schema.org","@graph":[{"@type":"WebPage","@id":"https:\/\/books4memories.com\/feedback\/designs\/","url":"https:\/\/books4memories.com\/feedback\/designs\/","name":"designs - Books4Memories","isPartOf":{"@id":"https:\/\/books4memories.com\/de\/#website"},"datePublished":"2023-03-26T10:55:25+00:00","dateModified":"2023-10-01T12:10:36+00:00","breadcrumb":{"@id":"https:\/\/books4memories.com\/feedback\/designs\/#breadcrumb"},"inLanguage":"de","potentialAction":[{"@type":"ReadAction","target":["https:\/\/books4memories.com\/feedback\/designs\/"]}]},{"@type":"BreadcrumbList","@id":"https:\/\/books4memories.com\/feedback\/designs\/#breadcrumb","itemListElement":[{"@type":"ListItem","position":1,"name":"Home","item":"https:\/\/books4memories.com\/"},{"@type":"ListItem","position":2,"name":"Feedback","item":"https:\/\/books4memories.com\/feedback\/"},{"@type":"ListItem","position":3,"name":"designs"}]},{"@type":"WebSite","@id":"https:\/\/books4memories.com\/de\/#website","url":"https:\/\/books4memories.com\/de\/","name":"Books4Memories","description":"Easily creating personable memories together that last!","publisher":{"@id":"https:\/\/books4memories.com\/de\/#organization"},"potentialAction":[{"@type":"SearchAction","target":{"@type":"EntryPoint","urlTemplate":"https:\/\/books4memories.com\/de\/?s={search_term_string}"},"query-input":{"@type":"PropertyValueSpecification","valueRequired":true,"valueName":"search_term_string"}}],"inLanguage":"de"},{"@type":"Organization","@id":"https:\/\/books4memories.com\/de\/#organization","name":"Books4Memories","url":"https:\/\/books4memories.com\/de\/","logo":{"@type":"ImageObject","inLanguage":"de","@id":"https:\/\/books4memories.com\/de\/#\/schema\/logo\/image\/","url":"https:\/\/books4memories.com\/wp-content\/uploads\/2021\/12\/hellob4m.png","contentUrl":"https:\/\/books4memories.com\/wp-content\/uploads\/2021\/12\/hellob4m.png","width":1919,"height":1120,"caption":"Books4Memories"},"image":{"@id":"https:\/\/books4memories.com\/de\/#\/schema\/logo\/image\/"},"sameAs":["https:\/\/www.facebook.com\/Books4Memories-173693658076857","https:\/\/www.instagram.com\/books4memories\/","https:\/\/www.linkedin.com\/company\/books4memories","https:\/\/www.pinterest.com\/0eg2ggvn5oew6i3jj1l9ddwpb7urfj\/"]}]}},"_links":{"self":[{"href":"https:\/\/books4memories.com\/de\/wp-json\/wp\/v2\/pages\/5699","targetHints":{"allow":["GET"]}}],"collection":[{"href":"https:\/\/books4memories.com\/de\/wp-json\/wp\/v2\/pages"}],"about":[{"href":"https:\/\/books4memories.com\/de\/wp-json\/wp\/v2\/types\/page"}],"author":[{"embeddable":true,"href":"https:\/\/books4memories.com\/de\/wp-json\/wp\/v2\/users\/1"}],"replies":[{"embeddable":true,"href":"https:\/\/books4memories.com\/de\/wp-json\/wp\/v2\/comments?post=5699"}],"version-history":[{"count":10,"href":"https:\/\/books4memories.com\/de\/wp-json\/wp\/v2\/pages\/5699\/revisions"}],"predecessor-version":[{"id":6761,"href":"https:\/\/books4memories.com\/de\/wp-json\/wp\/v2\/pages\/5699\/revisions\/6761"}],"up":[{"embeddable":true,"href":"https:\/\/books4memories.com\/de\/wp-json\/wp\/v2\/pages\/1749"}],"wp:attachment":[{"href":"https:\/\/books4memories.com\/de\/wp-json\/wp\/v2\/media?parent=5699"}],"wp:term":[{"taxonomy":"folder","embeddable":true,"href":"https:\/\/books4memories.com\/de\/wp-json\/wp\/v2\/folder?post=5699"}],"curies":[{"name":"wp","href":"https:\/\/api.w.org\/{rel}","templated":true}]}}